{"id":10583,"date":"2022-12-14T04:04:13","date_gmt":"2022-12-14T03:04:13","guid":{"rendered":"https:\/\/inax247.ch\/carriere\/"},"modified":"2026-02-06T12:39:51","modified_gmt":"2026-02-06T11:39:51","slug":"carriere","status":"publish","type":"page","link":"https:\/\/inax247.ch\/fr\/carriere\/","title":{"rendered":"Carri\u00e8re"},"content":{"rendered":"\t\t<div data-elementor-type=\"wp-page\" data-elementor-id=\"10583\" class=\"elementor elementor-10583 elementor-8194\" data-elementor-post-type=\"page\">\n\t\t\t\t<div class=\"elementor-element elementor-element-af3962f e-flex e-con-boxed e-con e-parent\" data-id=\"af3962f\" data-element_type=\"container\" data-e-type=\"container\" data-settings=\"{&quot;background_background&quot;:&quot;classic&quot;}\">\n\t\t\t\t\t<div class=\"e-con-inner\">\n\t\t\t\t<div class=\"elementor-element elementor-element-60a3b02 elementor-widget__width-initial elementor-widget elementor-widget-text-editor\" data-id=\"60a3b02\" data-element_type=\"widget\" data-e-type=\"widget\" data-widget_type=\"text-editor.default\">\n\t\t\t\t<div class=\"elementor-widget-container\">\n\t\t\t\t\t\t\t\t\t<p>Fixez-vous des objectifs, \u00e9laborez-les avec nous et \u00e9panouissez-vous dans des t\u00e2ches vari\u00e9es. Ensemble, c&rsquo;est plus agr\u00e9able.<\/p>\n\t\t\t\t\t\t\t\t<\/div>\n\t\t\t\t<\/div>\n\t\t\t\t\t<\/div>\n\t\t\t\t<\/div>\n\t\t<div class=\"elementor-element elementor-element-8ac1489 e-flex e-con-boxed e-con e-parent\" data-id=\"8ac1489\" data-element_type=\"container\" data-e-type=\"container\">\n\t\t\t\t\t<div class=\"e-con-inner\">\n\t\t\t\t<div class=\"elementor-element elementor-element-2cba420 elementor-widget elementor-widget-heading\" data-id=\"2cba420\" data-element_type=\"widget\" data-e-type=\"widget\" data-widget_type=\"heading.default\">\n\t\t\t\t<div class=\"elementor-widget-container\">\n\t\t\t\t\t<h2 class=\"elementor-heading-title elementor-size-default\">POURQUOI CARRI\u00c8RE CHEZ INAX?<\/h2>\t\t\t\t<\/div>\n\t\t\t\t<\/div>\n\t\t\t\t<div class=\"elementor-element elementor-element-0a63bd5 elementor-widget elementor-widget-text-editor\" data-id=\"0a63bd5\" data-element_type=\"widget\" data-e-type=\"widget\" data-widget_type=\"text-editor.default\">\n\t\t\t\t<div class=\"elementor-widget-container\">\n\t\t\t\t\t\t\t\t\t<ol>\n<li>\n<h3>TEAMWORK<\/h3>\n<div>La collaboration est essentielle \u00e0 notre r\u00e9ussite. Nous encourageons la diversit\u00e9 des opinions, l&rsquo;esprit d&rsquo;\u00e9quipe et la confiance.<\/div>\n<\/li>\n<li>\n<h3>RESPECT<\/h3>\n<div>Traitez tous vos coll\u00e8gues, fournisseurs et partenaires avec le respect qui leur est d\u00fb. Nous entretenons des relations amicales entre nous.<\/div>\n<\/li>\n<li>\n<h3>PASSION<\/h3>\n<div><\/div>\n<p>Nous appr\u00e9cions que nos collaborateurs s&rsquo;investissent activement dans leur carri\u00e8re, suivent des formations continues et s&rsquo;impliquent dans l&rsquo;\u00e9quipe.<\/li>\n<li>\n<h3>INNOVATION<\/h3>\n<div>Nous nous effor\u00e7ons constamment d&rsquo;enrichir notre portefeuille avec des produits ou des services passionnants. Les revers ne font que nous endurcir.<\/div>\n<\/li>\n<\/ol>\n\t\t\t\t\t\t\t\t<\/div>\n\t\t\t\t<\/div>\n\t\t\t\t\t<\/div>\n\t\t\t\t<\/div>\n\t\t<div class=\"elementor-element elementor-element-cda657e e-flex e-con-boxed e-con e-parent\" data-id=\"cda657e\" data-element_type=\"container\" data-e-type=\"container\" data-settings=\"{&quot;background_background&quot;:&quot;classic&quot;}\">\n\t\t\t\t\t<div class=\"e-con-inner\">\n\t\t\t\t<div class=\"elementor-element elementor-element-24cee1b elementor-widget elementor-widget-text-editor\" data-id=\"24cee1b\" data-element_type=\"widget\" data-e-type=\"widget\" data-widget_type=\"text-editor.default\">\n\t\t\t\t<div class=\"elementor-widget-container\">\n\t\t\t\t\t\t\t\t\t<p>EXCELLENTES OPPORTUNIT\u00c9S DE CARRI\u00c8RE. REJOINS NOTRE \u00c9QUIPE!<\/p>\n\t\t\t\t\t\t\t\t<\/div>\n\t\t\t\t<\/div>\n\t\t\t\t<div class=\"elementor-element elementor-element-1deb99e elementor-widget__width-initial elementor-widget elementor-widget-heading\" data-id=\"1deb99e\" data-element_type=\"widget\" data-e-type=\"widget\" data-widget_type=\"heading.default\">\n\t\t\t\t<div class=\"elementor-widget-container\">\n\t\t\t\t\t<h2 class=\"elementor-heading-title elementor-size-default\">POSTES VACANTS<\/h2>\t\t\t\t<\/div>\n\t\t\t\t<\/div>\n\t\t\t\t<div class=\"elementor-element elementor-element-49f2f10 elementor-grid-1 elementor-grid-tablet-2 elementor-grid-mobile-1 elementor-widget elementor-widget-loop-grid\" data-id=\"49f2f10\" data-element_type=\"widget\" data-e-type=\"widget\" data-settings=\"{&quot;template_id&quot;:10970,&quot;columns&quot;:1,&quot;_skin&quot;:&quot;post&quot;,&quot;columns_tablet&quot;:&quot;2&quot;,&quot;columns_mobile&quot;:&quot;1&quot;,&quot;edit_handle_selector&quot;:&quot;[data-elementor-type=\\&quot;loop-item\\&quot;]&quot;,&quot;row_gap&quot;:{&quot;unit&quot;:&quot;px&quot;,&quot;size&quot;:&quot;&quot;,&quot;sizes&quot;:[]},&quot;row_gap_tablet&quot;:{&quot;unit&quot;:&quot;px&quot;,&quot;size&quot;:&quot;&quot;,&quot;sizes&quot;:[]},&quot;row_gap_mobile&quot;:{&quot;unit&quot;:&quot;px&quot;,&quot;size&quot;:&quot;&quot;,&quot;sizes&quot;:[]}}\" data-widget_type=\"loop-grid.post\">\n\t\t\t\t<div class=\"elementor-widget-container\">\n\t\t\t\t\t\t\t<div class=\"elementor-loop-container elementor-grid\" role=\"list\">\n\t\t<style id=\"loop-10970\">.elementor-10970 .elementor-element.elementor-element-2a55aa43{--display:flex;--flex-direction:row;--container-widget-width:initial;--container-widget-height:100%;--container-widget-flex-grow:1;--container-widget-align-self:stretch;--flex-wrap-mobile:wrap;--justify-content:space-between;border-style:none;--border-style:none;--border-radius:4px 4px 4px 4px;--padding-top:24px;--padding-bottom:24px;--padding-left:24px;--padding-right:24px;}.elementor-10970 .elementor-element.elementor-element-2a55aa43:not(.elementor-motion-effects-element-type-background), .elementor-10970 .elementor-element.elementor-element-2a55aa43 > .elementor-motion-effects-container > .elementor-motion-effects-layer{background-color:#E8EEF5;}.elementor-10970 .elementor-element.elementor-element-6846768{--display:flex;--gap:0px 0px;--row-gap:0px;--column-gap:0px;--padding-top:0px;--padding-bottom:0px;--padding-left:0px;--padding-right:0px;}.elementor-10970 .elementor-element.elementor-element-3b968124 .elementor-heading-title{font-size:26px;font-weight:600;color:var( --e-global-color-secondary );}.elementor-10970 .elementor-element.elementor-element-3b968124 > .elementor-widget-container{margin:0px 0px 4px 0px;}.elementor-10970 .elementor-element.elementor-element-6e4839ff .elementor-icon-list-items:not(.elementor-inline-items) .elementor-icon-list-item:not(:last-child){padding-bottom:calc(4px\/2);}.elementor-10970 .elementor-element.elementor-element-6e4839ff .elementor-icon-list-items:not(.elementor-inline-items) .elementor-icon-list-item:not(:first-child){margin-top:calc(4px\/2);}.elementor-10970 .elementor-element.elementor-element-6e4839ff .elementor-icon-list-items.elementor-inline-items .elementor-icon-list-item{margin-right:calc(4px\/2);margin-left:calc(4px\/2);}.elementor-10970 .elementor-element.elementor-element-6e4839ff .elementor-icon-list-items.elementor-inline-items{margin-right:calc(-4px\/2);margin-left:calc(-4px\/2);}body.rtl .elementor-10970 .elementor-element.elementor-element-6e4839ff .elementor-icon-list-items.elementor-inline-items .elementor-icon-list-item:after{left:calc(-4px\/2);}body:not(.rtl) .elementor-10970 .elementor-element.elementor-element-6e4839ff .elementor-icon-list-items.elementor-inline-items .elementor-icon-list-item:after{right:calc(-4px\/2);}.elementor-10970 .elementor-element.elementor-element-6e4839ff .elementor-icon-list-icon{width:14px;}.elementor-10970 .elementor-element.elementor-element-6e4839ff .elementor-icon-list-icon i{font-size:14px;}.elementor-10970 .elementor-element.elementor-element-6e4839ff .elementor-icon-list-icon svg{--e-icon-list-icon-size:14px;}.elementor-10970 .elementor-element.elementor-element-6e4839ff .elementor-icon-list-item{font-size:14px;}.elementor-10970 .elementor-element.elementor-element-7e5bbf3 .elementor-button{font-size:14px;fill:#FFFFFF;color:#FFFFFF;background-color:var( --e-global-color-accent );}.elementor-10970 .elementor-element.elementor-element-7e5bbf3 .elementor-button:hover, .elementor-10970 .elementor-element.elementor-element-7e5bbf3 .elementor-button:focus{color:#FFFFFF;}.elementor-10970 .elementor-element.elementor-element-7e5bbf3 .elementor-button:hover svg, .elementor-10970 .elementor-element.elementor-element-7e5bbf3 .elementor-button:focus svg{fill:#FFFFFF;}.elementor-10970 .elementor-element.elementor-element-7e5bbf3.elementor-element{--flex-grow:1;--flex-shrink:0;}@media(min-width:768px){.elementor-10970 .elementor-element.elementor-element-6846768{--width:100%;}}@media(max-width:1024px){.elementor-10970 .elementor-element.elementor-element-2a55aa43{--justify-content:space-between;--align-items:center;--container-widget-width:calc( ( 1 - var( --container-widget-flex-grow ) ) * 100% );}}<\/style>\t\t<div data-elementor-type=\"loop-item\" data-elementor-id=\"10970\" class=\"elementor elementor-10970 e-loop-item e-loop-item-11159 post-11159 jobs_de type-jobs_de status-publish hentry\" data-elementor-post-type=\"elementor_library\" data-custom-edit-handle=\"1\">\n\t\t\t<div class=\"elementor-element elementor-element-2a55aa43 e-flex e-con-boxed e-con e-parent\" data-id=\"2a55aa43\" data-element_type=\"container\" data-e-type=\"container\" data-settings=\"{&quot;background_background&quot;:&quot;classic&quot;}\">\n\t\t\t\t\t<div class=\"e-con-inner\">\n\t\t<div class=\"elementor-element elementor-element-6846768 e-con-full e-flex e-con e-child\" data-id=\"6846768\" data-element_type=\"container\" data-e-type=\"container\">\n\t\t\t\t<div class=\"elementor-element elementor-element-3b968124 elementor-widget elementor-widget-theme-post-title elementor-page-title elementor-widget-heading\" data-id=\"3b968124\" data-element_type=\"widget\" data-e-type=\"widget\" data-widget_type=\"theme-post-title.default\">\n\t\t\t\t<div class=\"elementor-widget-container\">\n\t\t\t\t\t<span class=\"elementor-heading-title elementor-size-default\"><a href=\"https:\/\/inax247.ch\/fr\/jobs-de\/derzeit-keine-offenen-stellen\/\">Derzeit keine offenen Stellen<\/a><\/span>\t\t\t\t<\/div>\n\t\t\t\t<\/div>\n\t\t\t\t<div class=\"elementor-element elementor-element-6e4839ff elementor-widget elementor-widget-post-info\" data-id=\"6e4839ff\" data-element_type=\"widget\" data-e-type=\"widget\" data-widget_type=\"post-info.default\">\n\t\t\t\t<div class=\"elementor-widget-container\">\n\t\t\t\t\t\t\t<ul class=\"elementor-inline-items elementor-icon-list-items elementor-post-info\">\n\t\t\t\t\t\t\t\t<li class=\"elementor-icon-list-item elementor-repeater-item-372ef98 elementor-inline-item\" itemprop=\"datePublished\">\n\t\t\t\t\t\t\t\t\t\t\t\t\t<span class=\"elementor-icon-list-text elementor-post-info__item elementor-post-info__item--type-date\">\n\t\t\t\t\t\t\t<span class=\"elementor-post-info__item-prefix\">Gepostet am:<\/span>\n\t\t\t\t\t\t\t\t\t\t<time> 20. janvier 2026<\/time>\t\t\t\t\t<\/span>\n\t\t\t\t\t\t\t\t<\/li>\n\t\t\t\t<li class=\"elementor-icon-list-item elementor-repeater-item-1086801 elementor-inline-item\">\n\t\t\t\t\t\t\t\t\t\t\t\t\t<span class=\"elementor-icon-list-text elementor-post-info__item elementor-post-info__item--type-time\">\n\t\t\t\t\t\t\t<span class=\"elementor-post-info__item-prefix\">um <\/span>\n\t\t\t\t\t\t\t\t\t\t<time>18:27<\/time>\t\t\t\t\t<\/span>\n\t\t\t\t\t\t\t\t<\/li>\n\t\t\t\t<\/ul>\n\t\t\t\t\t\t<\/div>\n\t\t\t\t<\/div>\n\t\t\t\t<\/div>\n\t\t\t\t<div class=\"elementor-element elementor-element-7e5bbf3 elementor-mobile-align-justify elementor-widget elementor-widget-button\" data-id=\"7e5bbf3\" data-element_type=\"widget\" data-e-type=\"widget\" data-widget_type=\"button.default\">\n\t\t\t\t<div class=\"elementor-widget-container\">\n\t\t\t\t\t\t\t\t\t<div class=\"elementor-button-wrapper\">\n\t\t\t\t\t<a class=\"elementor-button elementor-button-link elementor-size-sm\" href=\"https:\/\/inax247.ch\/fr\/jobs-de\/derzeit-keine-offenen-stellen\/\">\n\t\t\t\t\t\t<span class=\"elementor-button-content-wrapper\">\n\t\t\t\t\t\t\t\t\t<span class=\"elementor-button-text\">Bewerben<\/span>\n\t\t\t\t\t<\/span>\n\t\t\t\t\t<\/a>\n\t\t\t\t<\/div>\n\t\t\t\t\t\t\t\t<\/div>\n\t\t\t\t<\/div>\n\t\t\t\t\t<\/div>\n\t\t\t\t<\/div>\n\t\t\t\t<\/div>\n\t\t\t\t<\/div>\n\t\t\n\t\t\t\t\t\t<\/div>\n\t\t\t\t<\/div>\n\t\t\t\t<div class=\"elementor-element elementor-element-8729684 elementor-widget elementor-widget-text-editor\" data-id=\"8729684\" data-element_type=\"widget\" data-e-type=\"widget\" data-widget_type=\"text-editor.default\">\n\t\t\t\t<div class=\"elementor-widget-container\">\n\t\t\t\t\t\t\t\t\t<p style=\"text-align: justify;\">Vous ne trouvez pas ce qui vous convient ou nous n&rsquo;avons pas de poste vacant \u00e0 pourvoir ? Nous sommes toujours \u00e0 la recherche de personnes talentueuses pour rejoindre notre \u00e9quipe. Suivez-nous sur les r\u00e9seaux sociaux ou envoyez-nous votre candidature spontan\u00e9e. Nous nous r\u00e9jouissons de vous rencontrer.<\/p>\n\t\t\t\t\t\t\t\t<\/div>\n\t\t\t\t<\/div>\n\t\t\t\t\t<\/div>\n\t\t\t\t<\/div>\n\t\t\t\t<\/div>\n\t\t","protected":false},"excerpt":{"rendered":"<p>Fixez-vous des objectifs, \u00e9laborez-les avec nous et \u00e9panouissez-vous dans des t\u00e2ches vari\u00e9es. Ensemble, c&rsquo;est plus agr\u00e9able. POURQUOI CARRI\u00c8RE CHEZ INAX? TEAMWORK La collaboration est essentielle \u00e0 notre r\u00e9ussite. Nous encourageons la diversit\u00e9 des opinions, l&rsquo;esprit d&rsquo;\u00e9quipe et la confiance. RESPECT Traitez tous vos coll\u00e8gues, fournisseurs et partenaires avec le respect qui leur est d\u00fb. Nous [&hellip;]<\/p>\n","protected":false},"author":9,"featured_media":3291,"parent":0,"menu_order":0,"comment_status":"closed","ping_status":"closed","template":"","meta":{"footnotes":""},"categories":[],"tags":[538],"class_list":["post-10583","page","type-page","status-publish","has-post-thumbnail","hentry","tag-carriere-a-linax"],"_links":{"self":[{"href":"https:\/\/inax247.ch\/fr\/wp-json\/wp\/v2\/pages\/10583","targetHints":{"allow":["GET"]}}],"collection":[{"href":"https:\/\/inax247.ch\/fr\/wp-json\/wp\/v2\/pages"}],"about":[{"href":"https:\/\/inax247.ch\/fr\/wp-json\/wp\/v2\/types\/page"}],"author":[{"embeddable":true,"href":"https:\/\/inax247.ch\/fr\/wp-json\/wp\/v2\/users\/9"}],"replies":[{"embeddable":true,"href":"https:\/\/inax247.ch\/fr\/wp-json\/wp\/v2\/comments?post=10583"}],"version-history":[{"count":5,"href":"https:\/\/inax247.ch\/fr\/wp-json\/wp\/v2\/pages\/10583\/revisions"}],"predecessor-version":[{"id":11311,"href":"https:\/\/inax247.ch\/fr\/wp-json\/wp\/v2\/pages\/10583\/revisions\/11311"}],"wp:featuredmedia":[{"embeddable":true,"href":"https:\/\/inax247.ch\/fr\/wp-json\/wp\/v2\/media\/3291"}],"wp:attachment":[{"href":"https:\/\/inax247.ch\/fr\/wp-json\/wp\/v2\/media?parent=10583"}],"wp:term":[{"taxonomy":"category","embeddable":true,"href":"https:\/\/inax247.ch\/fr\/wp-json\/wp\/v2\/categories?post=10583"},{"taxonomy":"post_tag","embeddable":true,"href":"https:\/\/inax247.ch\/fr\/wp-json\/wp\/v2\/tags?post=10583"}],"curies":[{"name":"wp","href":"https:\/\/api.w.org\/{rel}","templated":true}]}}