{"id":10581,"date":"2022-12-14T04:03:36","date_gmt":"2022-12-14T03:03:36","guid":{"rendered":"https:\/\/inax247.ch\/contactez-nous\/"},"modified":"2026-02-22T08:39:15","modified_gmt":"2026-02-22T07:39:15","slug":"contactez-nous","status":"publish","type":"page","link":"https:\/\/inax247.ch\/fr\/contactez-nous\/","title":{"rendered":"Contactez-nous"},"content":{"rendered":"\t\t<div data-elementor-type=\"wp-page\" data-elementor-id=\"10581\" class=\"elementor elementor-10581 elementor-8192\" data-elementor-post-type=\"page\">\n\t\t\t\t<div class=\"elementor-element elementor-element-b1eade0 e-flex e-con-boxed e-con e-parent\" data-id=\"b1eade0\" data-element_type=\"container\" data-e-type=\"container\" data-settings=\"{&quot;background_background&quot;:&quot;classic&quot;}\">\n\t\t\t\t\t<div class=\"e-con-inner\">\n\t\t\t\t<div class=\"elementor-element elementor-element-0dae07a elementor-widget__width-initial elementor-widget elementor-widget-text-editor\" data-id=\"0dae07a\" data-element_type=\"widget\" data-e-type=\"widget\" data-widget_type=\"text-editor.default\">\n\t\t\t\t<div class=\"elementor-widget-container\">\n\t\t\t\t\t\t\t\t\t<p style=\"text-align: justify;\">\u00cates-vous int\u00e9ress\u00e9 par nos applications logicielles et nos services informatiques ou avez-vous besoin de conseils ? Alors contactez-nous et nous serons heureux de vous aider.<\/p>\n\t\t\t\t\t\t\t\t<\/div>\n\t\t\t\t<\/div>\n\t\t\t\t\t<\/div>\n\t\t\t\t<\/div>\n\t\t<div class=\"elementor-element elementor-element-afef344 e-flex e-con-boxed e-con e-parent\" data-id=\"afef344\" data-element_type=\"container\" data-e-type=\"container\">\n\t\t\t\t\t<div class=\"e-con-inner\">\n\t\t\t\t<div class=\"elementor-element elementor-element-cc566bc elementor-widget__width-initial elementor-view-default elementor-position-block-start elementor-mobile-position-block-start elementor-widget elementor-widget-icon-box\" data-id=\"cc566bc\" data-element_type=\"widget\" data-e-type=\"widget\" data-widget_type=\"icon-box.default\">\n\t\t\t\t<div class=\"elementor-widget-container\">\n\t\t\t\t\t\t\t<div class=\"elementor-icon-box-wrapper\">\n\n\t\t\t\t\t\t<div class=\"elementor-icon-box-icon\">\n\t\t\t\t<span  class=\"elementor-icon\">\n\t\t\t\t<i aria-hidden=\"true\" class=\"fas fa-phone-volume\"><\/i>\t\t\t\t<\/span>\n\t\t\t<\/div>\n\t\t\t\n\t\t\t\t\t\t<div class=\"elementor-icon-box-content\">\n\n\t\t\t\t\t\t\t\t\t<h3 class=\"elementor-icon-box-title\">\n\t\t\t\t\t\t<span  >\n\t\t\t\t\t\t\tEntrer en contact\t\t\t\t\t\t<\/span>\n\t\t\t\t\t<\/h3>\n\t\t\t\t\n\t\t\t\t\t\t\t\t\t<p class=\"elementor-icon-box-description\">\n\t\t\t\t\t\tDemandes de ventes et de produits \r\n<strong>(+41) 41 560 3737<\/strong>\r\n\r\n<strong>contact@inax247.ch<\/strong>\r\n\r\nRenseignements g\u00e9n\u00e9raux \r\n<strong>(+41) 41 551 0390<\/strong>\t\t\t\t\t<\/p>\n\t\t\t\t\n\t\t\t<\/div>\n\t\t\t\n\t\t<\/div>\n\t\t\t\t\t\t<\/div>\n\t\t\t\t<\/div>\n\t\t\t\t<div class=\"elementor-element elementor-element-c456054 elementor-widget__width-initial elementor-view-default elementor-position-block-start elementor-mobile-position-block-start elementor-widget elementor-widget-icon-box\" data-id=\"c456054\" data-element_type=\"widget\" data-e-type=\"widget\" data-widget_type=\"icon-box.default\">\n\t\t\t\t<div class=\"elementor-widget-container\">\n\t\t\t\t\t\t\t<div class=\"elementor-icon-box-wrapper\">\n\n\t\t\t\t\t\t<div class=\"elementor-icon-box-icon\">\n\t\t\t\t<span  class=\"elementor-icon\">\n\t\t\t\t<svg xmlns=\"http:\/\/www.w3.org\/2000\/svg\" width=\"384\" height=\"512\" viewBox=\"0 0 384 512\"><path d=\"M192 0C86.128 0 0 86.304 0 192.352C0 351.184 179.216 503.696 186.848 510.112C188.336 511.376 190.176 512 192 512C193.808 512 195.616 511.392 197.088 510.176C204.72 503.872 384 353.984 384 192.352C384 86.304 297.872 0 192 0ZM192.032 493.408C162.576 467.088 16 329.264 16 192.352C16 95.104 94.96 16 192 16C289.04 16 368 95.104 368 192.352C368 331.584 221.568 467.44 192.032 493.408V493.408ZM192 96C139.056 96 96 139.056 96 192C96 244.944 139.056 288 192 288C244.944 288 288 244.944 288 192C288 139.056 244.944 96 192 96ZM192 272C147.888 272 112 236.112 112 192C112 147.888 147.888 112 192 112C236.112 112 272 147.888 272 192C272 236.112 236.112 272 192 272Z\"><\/path><\/svg>\t\t\t\t<\/span>\n\t\t\t<\/div>\n\t\t\t\n\t\t\t\t\t\t<div class=\"elementor-icon-box-content\">\n\n\t\t\t\t\t\t\t\t\t<h3 class=\"elementor-icon-box-title\">\n\t\t\t\t\t\t<span  >\n\t\t\t\t\t\t\tTrouver une assistance locale\t\t\t\t\t\t<\/span>\n\t\t\t\t\t<\/h3>\n\t\t\t\t\n\t\t\t\t\t\t\t\t\t<p class=\"elementor-icon-box-description\">\n\t\t\t\t\t\t<em><strong>INAX<span style=\"color: #99cc00\">247<\/span><\/strong><\/em>offre \u00e0 ses clients du monde entier une gestion de serveurs d'alarme \u00e9prouv\u00e9e depuis longtemps ainsi que des services d'assistance. Ces services sont fournis directement en Suisse et dans l'UE, ainsi que par l'interm\u00e9diaire de <a href=\"\/revendeurs\/\"><strong>Reseller<\/strong><\/a> et partenaires agr\u00e9\u00e9s.\t\t\t\t\t<\/p>\n\t\t\t\t\n\t\t\t<\/div>\n\t\t\t\n\t\t<\/div>\n\t\t\t\t\t\t<\/div>\n\t\t\t\t<\/div>\n\t\t\t\t<div class=\"elementor-element elementor-element-6d42dac elementor-widget__width-initial elementor-view-default elementor-position-block-start elementor-mobile-position-block-start elementor-widget elementor-widget-icon-box\" data-id=\"6d42dac\" data-element_type=\"widget\" data-e-type=\"widget\" data-widget_type=\"icon-box.default\">\n\t\t\t\t<div class=\"elementor-widget-container\">\n\t\t\t\t\t\t\t<div class=\"elementor-icon-box-wrapper\">\n\n\t\t\t\t\t\t<div class=\"elementor-icon-box-icon\">\n\t\t\t\t<span  class=\"elementor-icon\">\n\t\t\t\t<svg xmlns=\"http:\/\/www.w3.org\/2000\/svg\" width=\"608\" height=\"512\" viewBox=\"0 0 608 512\"><path d=\"M320.96 6.608C311.68 -1.92 296.336 -1.92 287.056 6.608L4.04803 177.344C1.64803 178.8 0.176025 181.392 0.176025 184.192V486.944C0.176025 500.752 11.472 512 25.36 512H582.64C596.528 512 607.824 500.752 607.824 486.944V184.192C607.824 181.392 606.352 178.8 603.952 177.344L320.96 6.608ZM296.064 19.84C296.624 19.504 297.12 19.104 297.584 18.656C299.312 16.944 301.584 16 304 16C306.416 16 308.688 16.944 310.4 18.656C310.864 19.104 311.376 19.504 311.92 19.84L587.552 186.144L387.904 305.12C384.112 307.392 382.864 312.288 385.12 316.096C386.624 318.608 389.28 320 392 320C393.392 320 394.8 319.648 396.08 318.88L592 202.24V486.352L321.04 306.096C312.432 299.232 295.536 299.232 287.504 305.696L16 486.272V202.24L211.904 318.88C213.184 319.648 214.608 320 216 320C218.72 320 221.376 318.608 222.88 316.096C225.136 312.304 223.888 307.392 220.096 305.12L20.432 186.144L296.064 19.84ZM577.44 496H30.432L296.928 318.624C299.696 316.416 308.32 316.432 311.632 319.024L577.44 496ZM104 208H504C508.416 208 512 204.416 512 200C512 195.584 508.416 192 504 192H104C99.584 192 96 195.584 96 200C96 204.416 99.584 208 104 208Z\"><\/path><\/svg>\t\t\t\t<\/span>\n\t\t\t<\/div>\n\t\t\t\n\t\t\t\t\t\t<div class=\"elementor-icon-box-content\">\n\n\t\t\t\t\t\t\t\t\t<h3 class=\"elementor-icon-box-title\">\n\t\t\t\t\t\t<span  >\n\t\t\t\t\t\t\tAvez-vous des questions?\t\t\t\t\t\t<\/span>\n\t\t\t\t\t<\/h3>\n\t\t\t\t\n\t\t\t\t\t\t\t\t\t<p class=\"elementor-icon-box-description\">\n\t\t\t\t\t\tSi vous \u00eates int\u00e9ress\u00e9 par la gestion de crise, si vous avez besoin de plans d'alerte et d'urgence pour votre entreprise, nous pouvons vous pr\u00e9senter notre syst\u00e8me \u00e9prouv\u00e9 sans engagement. Il vous suffit de nous envoyer le formulaire de contact et nous vous r\u00e9pondrons dans les plus brefs d\u00e9lais.\t\t\t\t\t<\/p>\n\t\t\t\t\n\t\t\t<\/div>\n\t\t\t\n\t\t<\/div>\n\t\t\t\t\t\t<\/div>\n\t\t\t\t<\/div>\n\t\t\t\t\t<\/div>\n\t\t\t\t<\/div>\n\t\t<div class=\"elementor-element elementor-element-ad4804d e-flex e-con-boxed e-con e-parent\" data-id=\"ad4804d\" data-element_type=\"container\" data-e-type=\"container\">\n\t\t\t\t\t<div class=\"e-con-inner\">\n\t\t\t\t<div class=\"elementor-element elementor-element-4d51b69 elementor-widget__width-initial elementor-widget elementor-widget-heading\" data-id=\"4d51b69\" data-element_type=\"widget\" data-e-type=\"widget\" data-widget_type=\"heading.default\">\n\t\t\t\t<div class=\"elementor-widget-container\">\n\t\t\t\t\t<h2 class=\"elementor-heading-title elementor-size-default\">Renseignements g\u00e9n\u00e9raux<\/h2>\t\t\t\t<\/div>\n\t\t\t\t<\/div>\n\t\t\t\t<div class=\"elementor-element elementor-element-7f11ef3 elementor-button-align-stretch elementor-widget elementor-widget-form\" data-id=\"7f11ef3\" data-element_type=\"widget\" data-e-type=\"widget\" data-settings=\"{&quot;step_next_label&quot;:&quot;Suivant&quot;,&quot;step_previous_label&quot;:&quot;Pr\\u00e9c\\u00e9dent&quot;,&quot;button_width&quot;:&quot;100&quot;,&quot;step_type&quot;:&quot;number_text&quot;,&quot;step_icon_shape&quot;:&quot;circle&quot;}\" data-widget_type=\"form.default\">\n\t\t\t\t<div class=\"elementor-widget-container\">\n\t\t\t\t\t\t\t<form class=\"elementor-form\" method=\"post\" id=\"generelle_anfrage\" name=\"Renseignements g\u00e9n\u00e9raux\" aria-label=\"Renseignements g\u00e9n\u00e9raux\">\n\t\t\t<input type=\"hidden\" name=\"post_id\" value=\"10581\"\/>\n\t\t\t<input type=\"hidden\" name=\"form_id\" value=\"7f11ef3\"\/>\n\t\t\t<input type=\"hidden\" name=\"referer_title\" value=\"Contactez-nous - Gestion du serveur d&#039;alarme suisse\" \/>\n\n\t\t\t\t\t\t\t<input type=\"hidden\" name=\"queried_id\" value=\"10581\"\/>\n\t\t\t\n\t\t\t<div class=\"elementor-form-fields-wrapper elementor-labels-above\">\n\t\t\t\t\t\t\t\t<div class=\"elementor-field-type-text elementor-field-group elementor-column elementor-field-group-full_name elementor-col-50 elementor-field-required elementor-mark-required\">\n\t\t\t\t\t\t\t\t\t\t\t\t<label for=\"form-field-full_name\" class=\"elementor-field-label\">\n\t\t\t\t\t\t\t\tNom et pr\u00e9nom\t\t\t\t\t\t\t<\/label>\n\t\t\t\t\t\t\t\t\t\t\t\t\t\t<input size=\"1\" type=\"text\" name=\"form_fields[full_name]\" id=\"form-field-full_name\" class=\"elementor-field elementor-size-sm  elementor-field-textual\" placeholder=\"Jean Dupont\" required=\"required\">\n\t\t\t\t\t\t\t\t\t\t\t<\/div>\n\t\t\t\t\t\t\t\t<div class=\"elementor-field-type-email elementor-field-group elementor-column elementor-field-group-company elementor-col-50 elementor-field-required elementor-mark-required\">\n\t\t\t\t\t\t\t\t\t\t\t\t<label for=\"form-field-company\" class=\"elementor-field-label\">\n\t\t\t\t\t\t\t\tEntreprise \/ Organisation\t\t\t\t\t\t\t<\/label>\n\t\t\t\t\t\t\t\t\t\t\t\t\t\t<input size=\"1\" type=\"email\" name=\"form_fields[company]\" id=\"form-field-company\" class=\"elementor-field elementor-size-sm  elementor-field-textual\" placeholder=\"Nom de l&#039;entreprise\" required=\"required\">\n\t\t\t\t\t\t\t\t\t\t\t<\/div>\n\t\t\t\t\t\t\t\t<div class=\"elementor-field-type-email elementor-field-group elementor-column elementor-field-group-email elementor-col-50 elementor-field-required elementor-mark-required\">\n\t\t\t\t\t\t\t\t\t\t\t\t<label for=\"form-field-email\" class=\"elementor-field-label\">\n\t\t\t\t\t\t\t\tE-Mail \t\t\t\t\t\t\t<\/label>\n\t\t\t\t\t\t\t\t\t\t\t\t\t\t<input size=\"1\" type=\"email\" name=\"form_fields[email]\" id=\"form-field-email\" class=\"elementor-field elementor-size-sm  elementor-field-textual\" placeholder=\"nom@entreprise.fr\" required=\"required\">\n\t\t\t\t\t\t\t\t\t\t\t<\/div>\n\t\t\t\t\t\t\t\t<div class=\"elementor-field-type-tel elementor-field-group elementor-column elementor-field-group-phone elementor-col-50\">\n\t\t\t\t\t\t\t\t\t\t\t\t<label for=\"form-field-phone\" class=\"elementor-field-label\">\n\t\t\t\t\t\t\t\tNum\u00e9ro de t\u00e9l\u00e9phone\t\t\t\t\t\t\t<\/label>\n\t\t\t\t\t\t\t\t<input size=\"1\" type=\"tel\" name=\"form_fields[phone]\" id=\"form-field-phone\" class=\"elementor-field elementor-size-sm  elementor-field-textual\" placeholder=\"Indicatif pays + indicatif r\u00e9gional + num\u00e9ro de t\u00e9l\u00e9phone\" pattern=\"[0-9()#&amp;+*-=.]+\" title=\"Seuls les caract\u00e8res de num\u00e9ros de t\u00e9l\u00e9phone (#, -, *, etc.) sont accept\u00e9s.\">\n\n\t\t\t\t\t\t<\/div>\n\t\t\t\t\t\t\t\t<div class=\"elementor-field-type-select elementor-field-group elementor-column elementor-field-group-ticket_escalation elementor-col-50 elementor-field-required elementor-mark-required\">\n\t\t\t\t\t\t\t\t\t\t\t\t<label for=\"form-field-ticket_escalation\" class=\"elementor-field-label\">\n\t\t\t\t\t\t\t\tImportance de la demande\t\t\t\t\t\t\t<\/label>\n\t\t\t\t\t\t\t\t<div class=\"elementor-field elementor-select-wrapper remove-before \">\n\t\t\t<div class=\"select-caret-down-wrapper\">\n\t\t\t\t<i aria-hidden=\"true\" class=\"eicon-caret-down\"><\/i>\t\t\t<\/div>\n\t\t\t<select name=\"form_fields[ticket_escalation]\" id=\"form-field-ticket_escalation\" class=\"elementor-field-textual elementor-size-sm\" required=\"required\">\n\t\t\t\t\t\t\t\t\t<option value=\"Veuillez s\u00e9lectionner\">Veuillez s\u00e9lectionner<\/option>\n\t\t\t\t\t\t\t\t\t<option value=\"Acheter\/mettre en \u0153uvre imm\u00e9diatement\">Acheter\/mettre en \u0153uvre imm\u00e9diatement<\/option>\n\t\t\t\t\t\t\t\t\t<option value=\"1 \u00e0 3 prochains mois\">1 \u00e0 3 prochains mois<\/option>\n\t\t\t\t\t\t\t\t\t<option value=\"6 \u00e0 12 prochains mois\">6 \u00e0 12 prochains mois<\/option>\n\t\t\t\t\t\t\t\t\t<option value=\"L&#039;ann\u00e9e prochaine\">L&#039;ann\u00e9e prochaine<\/option>\n\t\t\t\t\t\t\t<\/select>\n\t\t<\/div>\n\t\t\t\t\t\t<\/div>\n\t\t\t\t\t\t\t\t<div class=\"elementor-field-type-select elementor-field-group elementor-column elementor-field-group-inquiry_theme elementor-col-50 elementor-field-required elementor-mark-required\">\n\t\t\t\t\t\t\t\t\t\t\t\t<label for=\"form-field-inquiry_theme\" class=\"elementor-field-label\">\n\t\t\t\t\t\t\t\tSur quoi porte votre requ\u00eate?\t\t\t\t\t\t\t<\/label>\n\t\t\t\t\t\t\t\t<div class=\"elementor-field elementor-select-wrapper remove-before \">\n\t\t\t<div class=\"select-caret-down-wrapper\">\n\t\t\t\t<i aria-hidden=\"true\" class=\"eicon-caret-down\"><\/i>\t\t\t<\/div>\n\t\t\t<select name=\"form_fields[inquiry_theme]\" id=\"form-field-inquiry_theme\" class=\"elementor-field-textual elementor-size-sm\" required=\"required\">\n\t\t\t\t\t\t\t\t\t<option value=\"Choisissez s&#039;il vous pla\u00eet\">Choisissez s&#039;il vous pla\u00eet<\/option>\n\t\t\t\t\t\t\t\t\t<option value=\"APPLICATION d&#039;alarme (Android et IOS)\">APPLICATION d&#039;alarme (Android et IOS)<\/option>\n\t\t\t\t\t\t\t\t\t<option value=\"Application pour travailleurs isol\u00e9s\">Application pour travailleurs isol\u00e9s<\/option>\n\t\t\t\t\t\t\t\t\t<option value=\"Automatisation\">Automatisation<\/option>\n\t\t\t\t\t\t\t\t\t<option value=\"Capteuers\">Capteuers<\/option>\n\t\t\t\t\t\t\t\t\t<option value=\"Contr\u00f4le BACnet\">Contr\u00f4le BACnet<\/option>\n\t\t\t\t\t\t\t\t\t<option value=\"Continuit\u00e9 de l&#039;activit\u00e9\">Continuit\u00e9 de l&#039;activit\u00e9<\/option>\n\t\t\t\t\t\t\t\t\t<option value=\"Consultant\">Consultant<\/option>\n\t\t\t\t\t\t\t\t\t<option value=\"Capteurs\">Capteurs<\/option>\n\t\t\t\t\t\t\t\t\t<option value=\"Drones\">Drones<\/option>\n\t\t\t\t\t\t\t\t\t<option value=\"\u00c9changer la bo\u00eete ixArma\">\u00c9changer la bo\u00eete ixArma<\/option>\n\t\t\t\t\t\t\t\t\t<option value=\"Notions de s\u00e9curit\u00e9\">Notions de s\u00e9curit\u00e9<\/option>\n\t\t\t\t\t\t\t\t\t<option value=\"Serveur d&#039;alarme\">Serveur d&#039;alarme<\/option>\n\t\t\t\t\t\t\t\t\t<option value=\"T\u00e9l\u00e9m\u00e9trie\">T\u00e9l\u00e9m\u00e9trie<\/option>\n\t\t\t\t\t\t\t\t\t<option value=\"Vid\u00e9osurveillance (CCTV)\">Vid\u00e9osurveillance (CCTV)<\/option>\n\t\t\t\t\t\t\t<\/select>\n\t\t<\/div>\n\t\t\t\t\t\t<\/div>\n\t\t\t\t\t\t\t\t<div class=\"elementor-field-type-textarea elementor-field-group elementor-column elementor-field-group-textfield elementor-col-100 elementor-field-required elementor-mark-required\">\n\t\t\t\t\t\t\t\t\t\t\t\t<label for=\"form-field-textfield\" class=\"elementor-field-label\">\n\t\t\t\t\t\t\t\tComment pouvons-nous vous aider?\t\t\t\t\t\t\t<\/label>\n\t\t\t\t\t\t<textarea class=\"elementor-field-textual elementor-field  elementor-size-sm\" name=\"form_fields[textfield]\" id=\"form-field-textfield\" rows=\"4\" placeholder=\"Veuillez d\u00e9crire bri\u00e8vement votre demande.\" required=\"required\"><\/textarea>\t\t\t\t<\/div>\n\t\t\t\t\t\t\t\t<div class=\"elementor-field-type-textarea elementor-field-group elementor-column elementor-field-group-field_54073e6 elementor-col-100 elementor-field-required elementor-mark-required\">\n\t\t\t\t\t\t\t\t\t\t\t\t<label for=\"form-field-field_54073e6\" class=\"elementor-field-label\">\n\t\t\t\t\t\t\t\tVous poss\u00e9dez d\u00e9j\u00e0 un syst\u00e8me de notre part et souhaitez le mettre \u00e0 niveau?\t\t\t\t\t\t\t<\/label>\n\t\t\t\t\t\t<textarea class=\"elementor-field-textual elementor-field  elementor-size-sm\" name=\"form_fields[field_54073e6]\" id=\"form-field-field_54073e6\" rows=\"4\" placeholder=\"Veuillez pr\u00e9parer l&#039;acc\u00e8s \u00e0 distance via Team Viewer ou AnyDesk.\" required=\"required\"><\/textarea>\t\t\t\t<\/div>\n\t\t\t\t\t\t\t\t<div class=\"elementor-field-group elementor-column elementor-field-type-submit elementor-col-100 e-form__buttons\">\n\t\t\t\t\t<button class=\"elementor-button elementor-size-sm\" type=\"submit\">\n\t\t\t\t\t\t<span class=\"elementor-button-content-wrapper\">\n\t\t\t\t\t\t\t\t\t\t\t\t\t\t\t\t\t\t\t\t\t\t<span class=\"elementor-button-text\">Envoyer<\/span>\n\t\t\t\t\t\t\t\t\t\t\t\t\t<\/span>\n\t\t\t\t\t<\/button>\n\t\t\t\t<\/div>\n\t\t\t<\/div>\n\t\t<\/form>\n\t\t\t\t\t\t<\/div>\n\t\t\t\t<\/div>\n\t\t\t\t<div class=\"elementor-element elementor-element-67cdcaa elementor-widget__width-inherit elementor-widget elementor-widget-text-editor\" data-id=\"67cdcaa\" data-element_type=\"widget\" data-e-type=\"widget\" data-widget_type=\"text-editor.default\">\n\t\t\t\t<div class=\"elementor-widget-container\">\n\t\t\t\t\t\t\t\t\t<p>Alternativement, vous pouvez nous joindre par email \u00e0 contact@inax247.ch ou sur notre <strong>Hotline +41 41 560 3737<\/strong><\/p>\n\t\t\t\t\t\t\t\t<\/div>\n\t\t\t\t<\/div>\n\t\t\t\t\t<\/div>\n\t\t\t\t<\/div>\n\t\t<div class=\"elementor-element elementor-element-b604a28 e-con-full e-flex e-con e-parent\" data-id=\"b604a28\" data-element_type=\"container\" data-e-type=\"container\">\n\t\t\t\t<div class=\"elementor-element elementor-element-a6f4fea elementor-widget elementor-widget-google_maps\" data-id=\"a6f4fea\" data-element_type=\"widget\" data-e-type=\"widget\" data-widget_type=\"google_maps.default\">\n\t\t\t\t<div class=\"elementor-widget-container\">\n\t\t\t\t\t\t\t<div class=\"elementor-custom-embed\">\n\t\t\t<iframe loading=\"lazy\"\n\t\t\t\t\tsrc=\"https:\/\/maps.google.com\/maps?q=INAX%20AG%2C%20Bodenstrasse%2020%2C%206403%20K%C3%BCssnacht%20a.%20Rigi&#038;t=m&#038;z=13&#038;output=embed&#038;iwloc=near\"\n\t\t\t\t\ttitle=\"INAX AG, Bodenstrasse 20, 6403 K\u00fcssnacht a. Rigi\"\n\t\t\t\t\taria-label=\"INAX AG, Bodenstrasse 20, 6403 K\u00fcssnacht a. Rigi\"\n\t\t\t><\/iframe>\n\t\t<\/div>\n\t\t\t\t\t\t<\/div>\n\t\t\t\t<\/div>\n\t\t\t\t<\/div>\n\t\t\t\t<\/div>\n\t\t","protected":false},"excerpt":{"rendered":"<p>Contactez-nous pour une gestion ultime des serveurs d&rsquo;alarme, des plans d&rsquo;urgence d\u00e9di\u00e9s et des solutions de gestion des risques en Suisse et en Europe.<\/p>\n","protected":false},"author":9,"featured_media":0,"parent":0,"menu_order":0,"comment_status":"closed","ping_status":"closed","template":"","meta":{"footnotes":""},"categories":[],"tags":[536,537],"class_list":["post-10581","page","type-page","status-publish","hentry","tag-inax247-contactez-nous","tag-inax247-ch-le-serveur-dalarme-suisse"],"_links":{"self":[{"href":"https:\/\/inax247.ch\/fr\/wp-json\/wp\/v2\/pages\/10581","targetHints":{"allow":["GET"]}}],"collection":[{"href":"https:\/\/inax247.ch\/fr\/wp-json\/wp\/v2\/pages"}],"about":[{"href":"https:\/\/inax247.ch\/fr\/wp-json\/wp\/v2\/types\/page"}],"author":[{"embeddable":true,"href":"https:\/\/inax247.ch\/fr\/wp-json\/wp\/v2\/users\/9"}],"replies":[{"embeddable":true,"href":"https:\/\/inax247.ch\/fr\/wp-json\/wp\/v2\/comments?post=10581"}],"version-history":[{"count":4,"href":"https:\/\/inax247.ch\/fr\/wp-json\/wp\/v2\/pages\/10581\/revisions"}],"predecessor-version":[{"id":11345,"href":"https:\/\/inax247.ch\/fr\/wp-json\/wp\/v2\/pages\/10581\/revisions\/11345"}],"wp:attachment":[{"href":"https:\/\/inax247.ch\/fr\/wp-json\/wp\/v2\/media?parent=10581"}],"wp:term":[{"taxonomy":"category","embeddable":true,"href":"https:\/\/inax247.ch\/fr\/wp-json\/wp\/v2\/categories?post=10581"},{"taxonomy":"post_tag","embeddable":true,"href":"https:\/\/inax247.ch\/fr\/wp-json\/wp\/v2\/tags?post=10581"}],"curies":[{"name":"wp","href":"https:\/\/api.w.org\/{rel}","templated":true}]}}