{"id":10576,"date":"2023-11-14T15:16:15","date_gmt":"2023-11-14T14:16:15","guid":{"rendered":"https:\/\/inax247.ch\/mention-legale\/"},"modified":"2026-02-08T10:17:32","modified_gmt":"2026-02-08T09:17:32","slug":"mention-legale","status":"publish","type":"page","link":"https:\/\/inax247.ch\/fr\/mention-legale\/","title":{"rendered":"Mention l\u00e9gale"},"content":{"rendered":"\t\t<div data-elementor-type=\"wp-page\" data-elementor-id=\"10576\" class=\"elementor elementor-10576 elementor-9980\" data-elementor-post-type=\"page\">\n\t\t\t\t<div class=\"elementor-element elementor-element-80dcab5 e-flex e-con-boxed e-con e-parent\" data-id=\"80dcab5\" data-element_type=\"container\" data-e-type=\"container\" data-settings=\"{&quot;background_background&quot;:&quot;classic&quot;}\">\n\t\t\t\t\t<div class=\"e-con-inner\">\n\t\t\t\t\t<\/div>\n\t\t\t\t<\/div>\n\t\t<div class=\"elementor-element elementor-element-031af7b e-flex e-con-boxed e-con e-parent\" data-id=\"031af7b\" data-element_type=\"container\" data-e-type=\"container\">\n\t\t\t\t\t<div class=\"e-con-inner\">\n\t\t\t\t<div class=\"elementor-element elementor-element-f2b8d73 elementor-widget elementor-widget-text-editor\" data-id=\"f2b8d73\" data-element_type=\"widget\" data-e-type=\"widget\" data-widget_type=\"text-editor.default\">\n\t\t\t\t<div class=\"elementor-widget-container\">\n\t\t\t\t\t\t\t\t\t<p>En tant qu&rsquo;exploitants responsables de divers sites Web et conform\u00e9ment aux exigences l\u00e9gales, nous publions nos mentions l\u00e9gales afin de vous permettre de nous contacter. N&rsquo;h\u00e9sitez pas \u00e0 nous contacter pour toute question. Vous pouvez \u00e9galement utiliser les diff\u00e9rentes options de contact disponibles sur les sites Web.<\/p>\n<h2>Mentions Le\u01f5ales<\/h2>\n<p><span style=\"font-size: 14pt;\"><strong>INAX AG<\/strong><\/span><br \/><span style=\"text-decoration: underline;\"><strong>Administration<\/strong><\/span><br \/>Bodenstrasse 20, CH-6403 K\u00fcssnacht a. Rigi<br \/>T\u00e9l\u00e9phone:\u00a0 \u00a0 \u00a0 \u00a0 +41 41 560 3730<br \/>T\u00e9l\u00e9phone:\u00a0 \u00a0 \u00a0 \u00a0 +41 41 551 0390<br \/>E-mail:\u00a0 \u00a0 \u00a0 \u00a0 \u00a0 \u00a0 \u00a0 office@inax247.com<\/p>\n<p><span style=\"text-decoration: underline;\"><strong>D<span class=\"Y2IQFc\" lang=\"fr\">\u00e9partement technique<\/span><\/strong><\/span><\/p>\n<p>Riedstrasse 13, CH-6330 Cham<br \/>T\u00e9l\u00e9phone:\u00a0 \u00a0 \u00a0 \u00a0 \u00a0 +41 41 560 3730<br \/>E-mail:\u00a0 \u00a0 \u00a0 \u00a0 \u00a0 \u00a0 \u00a0 \u00a0 contact@inax247.com<\/p>\n<p id=\"tw-target-text\" class=\"tw-data-text tw-text-large tw-ta\" dir=\"ltr\" data-placeholder=\"Translation\" aria-label=\"Translated text\" data-ved=\"2ahUKEwiCmqnOw_OFAxX_0QIHHdmpCsIQ3ewLegQIBRAU\"><span class=\"Y2IQFc\" lang=\"fr\">Inscrite au registre du commerce du canton de Schwyz ; UID CHE-104.384.800.<\/span><\/p>\n<p>Les personnes impliqu\u00e9es sont mentionn\u00e9es dans notre extrait du registre du commerce. Vous trouverez l&rsquo;extrait du registre du commerce comp\u00e9tent <a href=\"https:\/\/sz.chregister.ch\/cr-portal\/auszug\/auszug.xhtml?uid=CHE-104.384.800\" target=\"_blank\" rel=\"noopener\">ici<\/a>. INAX AG ainsi que les personnes impliqu\u00e9es dans la direction sont responsables du contenu de ce site web.<\/p>\n\t\t\t\t\t\t\t\t<\/div>\n\t\t\t\t<\/div>\n\t\t\t\t\t<\/div>\n\t\t\t\t<\/div>\n\t\t\t\t<\/div>\n\t\t","protected":false},"excerpt":{"rendered":"<p>En tant qu&rsquo;exploitants responsables de divers sites Web et conform\u00e9ment aux exigences l\u00e9gales, nous publions nos mentions l\u00e9gales afin de vous permettre de nous contacter. N&rsquo;h\u00e9sitez pas \u00e0 nous contacter pour toute question. Vous pouvez \u00e9galement utiliser les diff\u00e9rentes options de contact disponibles sur les sites Web. Mentions Le\u01f5ales INAX AGAdministrationBodenstrasse 20, CH-6403 K\u00fcssnacht a. [&hellip;]<\/p>\n","protected":false},"author":9,"featured_media":0,"parent":0,"menu_order":0,"comment_status":"closed","ping_status":"closed","template":"","meta":{"footnotes":""},"categories":[],"tags":[535],"class_list":["post-10576","page","type-page","status-publish","hentry","tag-mention-legale"],"_links":{"self":[{"href":"https:\/\/inax247.ch\/fr\/wp-json\/wp\/v2\/pages\/10576","targetHints":{"allow":["GET"]}}],"collection":[{"href":"https:\/\/inax247.ch\/fr\/wp-json\/wp\/v2\/pages"}],"about":[{"href":"https:\/\/inax247.ch\/fr\/wp-json\/wp\/v2\/types\/page"}],"author":[{"embeddable":true,"href":"https:\/\/inax247.ch\/fr\/wp-json\/wp\/v2\/users\/9"}],"replies":[{"embeddable":true,"href":"https:\/\/inax247.ch\/fr\/wp-json\/wp\/v2\/comments?post=10576"}],"version-history":[{"count":3,"href":"https:\/\/inax247.ch\/fr\/wp-json\/wp\/v2\/pages\/10576\/revisions"}],"predecessor-version":[{"id":11331,"href":"https:\/\/inax247.ch\/fr\/wp-json\/wp\/v2\/pages\/10576\/revisions\/11331"}],"wp:attachment":[{"href":"https:\/\/inax247.ch\/fr\/wp-json\/wp\/v2\/media?parent=10576"}],"wp:term":[{"taxonomy":"category","embeddable":true,"href":"https:\/\/inax247.ch\/fr\/wp-json\/wp\/v2\/categories?post=10576"},{"taxonomy":"post_tag","embeddable":true,"href":"https:\/\/inax247.ch\/fr\/wp-json\/wp\/v2\/tags?post=10576"}],"curies":[{"name":"wp","href":"https:\/\/api.w.org\/{rel}","templated":true}]}}